{"id":305,"date":"2025-02-11T11:22:36","date_gmt":"2025-02-11T10:22:36","guid":{"rendered":"https:\/\/hiaslbauer.com\/datenschutz-2\/"},"modified":"2025-11-24T10:07:55","modified_gmt":"2025-11-24T09:07:55","slug":"privacy-policy","status":"publish","type":"page","link":"https:\/\/hiaslbauer.com\/it\/privacy-policy\/","title":{"rendered":"Privacy Policy"},"content":{"rendered":"[vc_row type=&#8221;in_container&#8221; full_screen_row_position=&#8221;middle&#8221; column_margin=&#8221;default&#8221; column_direction=&#8221;default&#8221; column_direction_tablet=&#8221;default&#8221; column_direction_phone=&#8221;default&#8221; scene_position=&#8221;center&#8221; text_color=&#8221;dark&#8221; text_align=&#8221;left&#8221; row_border_radius=&#8221;none&#8221; row_border_radius_applies=&#8221;bg&#8221; overflow=&#8221;visible&#8221; overlay_strength=&#8221;0.3&#8243; gradient_direction=&#8221;left_to_right&#8221; shape_divider_position=&#8221;bottom&#8221; bg_image_animation=&#8221;none&#8221;][vc_column column_padding=&#8221;no-extra-padding&#8221; column_padding_tablet=&#8221;inherit&#8221; column_padding_phone=&#8221;inherit&#8221; column_padding_position=&#8221;all&#8221; column_element_direction_desktop=&#8221;default&#8221; column_element_spacing=&#8221;default&#8221; desktop_text_alignment=&#8221;default&#8221; tablet_text_alignment=&#8221;default&#8221; phone_text_alignment=&#8221;default&#8221; background_color_opacity=&#8221;1&#8243; background_hover_color_opacity=&#8221;1&#8243; column_backdrop_filter=&#8221;none&#8221; column_shadow=&#8221;none&#8221; column_border_radius=&#8221;none&#8221; column_link_target=&#8221;_self&#8221; column_position=&#8221;default&#8221; gradient_direction=&#8221;left_to_right&#8221; overlay_strength=&#8221;0.3&#8243; width=&#8221;1\/1&#8243; tablet_width_inherit=&#8221;default&#8221; animation_type=&#8221;default&#8221; bg_image_animation=&#8221;none&#8221; border_type=&#8221;simple&#8221; column_border_width=&#8221;none&#8221; column_border_style=&#8221;solid&#8221;][vc_row_inner column_margin=&#8221;default&#8221; column_direction=&#8221;default&#8221; column_direction_tablet=&#8221;default&#8221; column_direction_phone=&#8221;default&#8221; text_align=&#8221;left&#8221; row_position=&#8221;default&#8221; row_position_tablet=&#8221;inherit&#8221; row_position_phone=&#8221;inherit&#8221; overflow=&#8221;visible&#8221; pointer_events=&#8221;all&#8221;][vc_column_inner column_padding=&#8221;no-extra-padding&#8221; column_padding_tablet=&#8221;inherit&#8221; column_padding_phone=&#8221;inherit&#8221; column_padding_position=&#8221;all&#8221; column_element_direction_desktop=&#8221;default&#8221; column_element_spacing=&#8221;default&#8221; desktop_text_alignment=&#8221;default&#8221; tablet_text_alignment=&#8221;default&#8221; phone_text_alignment=&#8221;default&#8221; background_color_opacity=&#8221;1&#8243; background_hover_color_opacity=&#8221;1&#8243; column_backdrop_filter=&#8221;none&#8221; column_shadow=&#8221;none&#8221; column_border_radius=&#8221;none&#8221; column_link_target=&#8221;_self&#8221; overflow=&#8221;visible&#8221; gradient_direction=&#8221;left_to_right&#8221; overlay_strength=&#8221;0.3&#8243; width=&#8221;1\/1&#8243; tablet_width_inherit=&#8221;default&#8221; animation_type=&#8221;default&#8221; bg_image_animation=&#8221;none&#8221; border_type=&#8221;simple&#8221; column_border_width=&#8221;none&#8221; column_border_style=&#8221;solid&#8221;][vc_column_text css=&#8221;&#8221; text_direction=&#8221;default&#8221;]\n<h3>PRIVACY<\/h3>\n<p>Titolare del trattamento ai sensi delle leggi sulla protezione dei dati, in particolare del Regolamento (UE) 2016\/679 (GDPR), \u00e8:<\/p>\n<p><strong>BERGGASTHAUS HIASLBAUER<\/strong><br \/>\nVidegg 48<br \/>\n39017 Scena &#8211; Alto Adige<br \/>\n+39 0473 949 452<br \/>\n<a href=\"mailto:info@hiaslbauer.com\">info@hiaslbauer.com<\/a><\/p>\n<p><strong>I SUOI DIRITTI<br \/>\n<\/strong>Ai recapiti del nostro responsabile della protezione dei dati pu\u00f2 esercitare in qualsiasi momento i seguenti diritti:<\/p>\n<ul>\n<li>diritto di accesso ai dati personali da noi memorizzati e alle informazioni sul loro trattamento,<\/li>\n<li>diritto di rettifica dei dati personali inesatti,<\/li>\n<li>diritto alla cancellazione dei dati memorizzati (diritto all\u2019oblio),<\/li>\n<li>diritto alla limitazione del trattamento, ove non possiamo ancora cancellare i dati per obblighi di legge,<\/li>\n<li>diritto di opposizione al trattamento dei dati,<\/li>\n<li>diritto alla portabilit\u00e0 dei dati, qualora lei abbia acconsentito al trattamento o abbia concluso con noi un contratto.<\/li>\n<\/ul>\n<p>Qualora ci abbia fornito il suo consenso, pu\u00f2 revocarlo in qualsiasi momento con effetto per il futuro.<\/p>\n<p><strong>FINALIT\u00c0 DEL TRATTAMENTO DEI DATI DA PARTE DEL TITOLARE E DI TERZI<br \/>\n<\/strong>Trattiamo i suoi dati personali esclusivamente per le finalit\u00e0 indicate nella presente informativa sulla privacy.<br \/>\nUn trasferimento dei suoi dati a terzi per finalit\u00e0 diverse da quelle indicate non ha luogo. Trasmettiamo i suoi dati personali a terzi solo se:<\/p>\n<ul>\n<li>lei ha espresso il suo esplicito consenso,<\/li>\n<li>il trattamento \u00e8 necessario per l\u2019esecuzione di un contratto,<\/li>\n<li>il trattamento \u00e8 necessario per adempiere a un obbligo legale,<\/li>\n<li>il trattamento \u00e8 necessario per la tutela di un nostro legittimo interesse e non sussiste motivo di ritenere che lei abbia un interesse prevalente alla non comunicazione dei suoi dati.<\/li>\n<\/ul>\n<p><strong>RACCOLTA DI INFORMAZIONI GENERALI ALLA VISITA DEL NOSTRO SITO WEB<br \/>\n<\/strong>Quando accede al nostro sito web, vengono automaticamente raccolte, mediante cookie, informazioni di carattere generale. Queste informazioni (file di log del server) comprendono, ad esempio, il tipo di browser, il sistema operativo utilizzato, il nome del provider di servizi Internet e altri dati simili.<br \/>\nSi tratta esclusivamente di informazioni che non consentono di risalire alla sua identit\u00e0.<\/p>\n<ul>\n<li>Queste informazioni sono tecnicamente necessarie per:<\/li>\n<li>garantire una corretta connessione al sito web,<\/li>\n<li>garantire un uso fluido del sito,<\/li>\n<li>valutare la sicurezza e la stabilit\u00e0 del sistema,<\/li>\n<li>adempiere ad ulteriori scopi amministrativi.<\/li>\n<\/ul>\n<p>Il trattamento dei suoi dati personali si basa sul nostro legittimo interesse derivante dalle suddette finalit\u00e0. Non utilizziamo i dati per trarre conclusioni sulla sua persona. Destinatari dei dati sono esclusivamente il titolare e, se del caso, responsabili esterni del trattamento.<br \/>\nEventuali informazioni anonime di questo tipo vengono da noi analizzate a fini statistici per ottimizzare il sito Internet e la tecnologia sottostante.<\/p>\n<p><strong>IL NOSTRO IMPEGNO AZIENDALE PER LA TUTELA DEI SUOI DATI<br \/>\n<\/strong>Adottiamo misure tecniche, amministrative ed organizzative per proteggere i suoi dati personali da perdita, furto, uso improprio, accesso non autorizzato, divulgazione, modifica e distruzione.<br \/>\nPer garantire la sicurezza dei suoi dati, queste linee guida vengono comunicate a tutti i collaboratori e le misure di sicurezza per la protezione dei diritti personali sono rigorosamente applicate all\u2019interno dell\u2019azienda.<\/p>\n<p>Il sito contiene link a siti web di altre aziende. Non siamo responsabili del modo in cui tali aziende trattano i dati personali. Le consigliamo pertanto di informarsi direttamente presso tali soggetti sulle rispettive informative sulla privacy.<\/p>\n<p><strong>COOKIE E ALTRE TECNOLOGIE<br \/>\n<\/strong>Come molti altri siti web, anche noi utilizziamo i cosiddetti \u201ccookie\u201d. I cookie sono piccoli file di testo che vengono memorizzati sul suo dispositivo da un server web. Ci permettono di ottenere automaticamente alcuni dati come l\u2019indirizzo IP, il tipo di browser, il sistema operativo e la connessione a Internet.<\/p>\n<p>I cookie non possono essere utilizzati per avviare programmi o trasmettere virus al suo computer. Sulla base delle informazioni contenute nei cookie possiamo facilitare la navigazione e garantire la corretta visualizzazione del sito web.<\/p>\n<p>In nessun caso i dati raccolti da noi vengono ceduti a terzi o collegati a dati personali senza il suo consenso.<\/p>\n<p>Naturalmente pu\u00f2 visitare il nostro sito anche senza cookie. Di norma i browser sono impostati per accettare i cookie. In generale pu\u00f2 disattivare l\u2019uso dei cookie in qualsiasi momento tramite le impostazioni del browser. Utilizzi le funzioni di aiuto del suo browser Internet per sapere come modificare tali impostazioni.<br \/>\nLa preghiamo di notare che, disattivando i cookie, alcune funzioni del sito potrebbero non essere disponibili o non funzionare correttamente.<\/p>\n<p><strong>LOGFILE<br \/>\n<\/strong>Come la maggior parte dei siti web, anche noi raccogliamo automaticamente determinate informazioni e le memorizziamo in file di log.<br \/>\nTra queste rientrano: indirizzi IP, tipo di browser, provider Internet (ISP), pagine di provenienza\/uscita, sistema operativo, data\/ora e dati di clickstream.<\/p>\n<p>Questi dati, denominati \u201clogfile\u201d, sono memorizzati sui server di ALL-INKL.COM \u2013 Neue Medien M\u00fcnnich in Germania e di norma vengono cancellati dopo alcuni giorni.<\/p>\n<p><strong>CRITTOGRAFIA SSL<br \/>\n<\/strong>Per proteggere la sicurezza dei suoi dati durante la trasmissione, utilizziamo protocolli di crittografia aggiornati (ad es. SSL) tramite HTTPS.<\/p>\n<p><strong>MODULO DI CONTATTO<br \/>\n<\/strong>Se ci contatta via e-mail o tramite modulo di contatto per qualsiasi tipo di richiesta, ci fornisce il suo consenso volontario al trattamento dei dati ai fini della presa di contatto.<br \/>\nPer questo \u00e8 necessario un indirizzo e-mail valido, che ci consente di associare la richiesta e risponderle. L\u2019indicazione di ulteriori dati \u00e8 facoltativa.<\/p>\n<p>I dati forniti vengono memorizzati per la gestione della richiesta e per eventuali domande successive. Una volta evasa la richiesta, i dati personali vengono cancellati automaticamente.<\/p>\n<p><strong>UTILIZZO DI SERVIZI ESTERNI<br \/>\n<\/strong>Questo sito utilizza i seguenti servizi di tracciamento esterni:<br \/>\nGoogle Analytics Universal Tracking<\/p>\n<p><strong>UTILIZZO DI GOOGLE ANALYTICS<br \/>\n<\/strong>Questo sito web utilizza Google Analytics con IP-masking per garantire una raccolta anonimizzata degli indirizzi IP.<br \/>\nUtilizziamo inoltre Google Analytics per valutare, a fini statistici, i dati provenienti da AdWords e dal cookie DoubleClick. Se non desidera ci\u00f2, pu\u00f2 disattivarlo tramite il gestore preferenze annunci all\u2019indirizzo: https:\/\/adssettings.google.com\/?hl=de<\/p>\n<p>Questo sito utilizza Google Analytics, un servizio di analisi web di Google Inc. (\u201cGoogle\u201d). Google Analytics utilizza \u201ccookie\u201d, file di testo che vengono memorizzati sul suo computer e consentono di analizzare l\u2019utilizzo del sito.<br \/>\nLe informazioni generate dai cookie sul suo utilizzo del sito vengono di norma trasmesse a un server di Google negli USA e l\u00ec memorizzate.<\/p>\n<p>Mediante l\u2019attivazione dell\u2019anonimizzazione IP su questo sito, il suo indirizzo IP viene tuttavia abbreviato da Google all\u2019interno degli Stati membri dell\u2019Unione Europea o in altri Stati aderenti all\u2019Accordo sullo Spazio economico europeo. Solo in casi eccezionali l\u2019indirizzo IP completo viene trasmesso a un server di Google negli USA e l\u00ec abbreviato.<\/p>\n<p>Su incarico del gestore di questo sito, Google utilizzer\u00e0 tali informazioni per valutare l\u2019uso del sito, redigere report sulle attivit\u00e0 del sito e fornire ulteriori servizi relativi all\u2019utilizzo del sito e di Internet al gestore del sito.<br \/>\nL\u2019indirizzo IP trasmesso dal suo browser nell\u2019ambito di Google Analytics non viene associato ad altri dati di Google.<\/p>\n<p>Pu\u00f2 impedire la memorizzazione dei cookie mediante l\u2019apposita impostazione del software del suo browser. Tuttavia, in questo caso potrebbe non essere in grado di utilizzare tutte le funzionalit\u00e0 del sito.<\/p>\n<p>Pu\u00f2 inoltre impedire la raccolta dei dati relativi al suo utilizzo del sito (incluso il suo indirizzo IP) e il trattamento dei dati da parte di Google scaricando e installando il plugin del browser disponibile al seguente link:<br \/>\nhttps:\/\/tools.google.com\/dlpage\/gaoptout?hl=de<\/p>\n<p>In alternativa, pu\u00f2 impedire la raccolta da parte di Google Analytics cliccando sul seguente link. Verr\u00e0 impostato un cookie di opt-out che impedir\u00e0 la futura raccolta dei suoi dati durante la visita di questo sito: Disattiva Google Analytics.<\/p>\n<p>Ulteriori informazioni sulle condizioni di utilizzo e sulla protezione dei dati di Google Analytics sono disponibili su:<br \/>\n<a href=\"https:\/\/www.google.com\/analytics\/terms\/de.html\">https:\/\/www.google.com\/analytics\/terms\/de.html<\/a> e<br \/>\n<a href=\"https:\/\/support.google.com\/analytics\/answer\/6004245?hl=de\">https:\/\/support.google.com\/analytics\/answer\/6004245?hl=de<\/a><\/p>\n<p><strong>UTILIZZO DI LIBRERIE DI SCRIPT (GOOGLE WEBFONTS)<br \/>\n<\/strong>Per visualizzare correttamente e in modo graficamente gradevole i nostri contenuti su tutti i browser, utilizziamo su questo sito librerie di script e di font, come ad es. Google Webfonts (https:\/\/www.google.com\/webfonts\/).<br \/>\nI Google Webfonts vengono trasferiti nella cache del browser per evitare caricamenti ripetuti. Se il browser non supporta i Webfonts di Google o ne blocca l\u2019accesso, i contenuti verranno visualizzati con un font standard.<\/p>\n<p>La chiamata di librerie di script o font comporta automaticamente una connessione al gestore della libreria. \u00c8 teoricamente possibile \u2013 sebbene al momento non sia chiaro se e per quali scopi \u2013 che tali gestori raccolgano dati.<\/p>\n<p>L\u2019informativa sulla privacy di Google, gestore di queste librerie, \u00e8 disponibile qui:<br \/>\n<a href=\"https:\/\/www.google.com\/policies\/privacy\/\">https:\/\/www.google.com\/policies\/privacy\/<\/a><\/p>\n<p><strong>MODIFICA DELLA NOSTRA INFORMATIVA SULLA PRIVACY<br \/>\n<\/strong>Ci riserviamo il diritto di modificare la presente informativa sulla privacy, affinch\u00e9 sia sempre conforme alle normative vigenti o per adeguarla a modifiche dei nostri servizi (ad es. introduzione di nuovi servizi). Per una nuova visita si applicher\u00e0 la nuova informativa sulla privacy.<\/p>\n<p><strong>DOMANDE AL RESPONSABILE DELLA PROTEZIONE DEI DATI<br \/>\n<\/strong>Se ha domande in merito alla protezione dei dati, ci scriva una e-mail a:<br \/>\ninfo@hiaslbauer.com[\/vc_column_text][\/vc_column_inner][\/vc_row_inner][\/vc_column][\/vc_row]\n","protected":false},"excerpt":{"rendered":"<p>[vc_row type=&#8221;in_container&#8221; full_screen_row_position=&#8221;middle&#8221; column_margin=&#8221;default&#8221; column_direction=&#8221;default&#8221; column_direction_tablet=&#8221;default&#8221; column_direction_phone=&#8221;default&#8221; scene_position=&#8221;center&#8221; text_color=&#8221;dark&#8221; text_align=&#8221;left&#8221; row_border_radius=&#8221;none&#8221; row_border_radius_applies=&#8221;bg&#8221; overflow=&#8221;visible&#8221; overlay_strength=&#8221;0.3&#8243; gradient_direction=&#8221;left_to_right&#8221; shape_divider_position=&#8221;bottom&#8221; bg_image_animation=&#8221;none&#8221;][vc_column column_padding=&#8221;no-extra-padding&#8221; column_padding_tablet=&#8221;inherit&#8221; column_padding_phone=&#8221;inherit&#8221; column_padding_position=&#8221;all&#8221; column_element_direction_desktop=&#8221;default&#8221; column_element_spacing=&#8221;default&#8221; desktop_text_alignment=&#8221;default&#8221; tablet_text_alignment=&#8221;default&#8221; phone_text_alignment=&#8221;default&#8221; background_color_opacity=&#8221;1&#8243; background_hover_color_opacity=&#8221;1&#8243; column_backdrop_filter=&#8221;none&#8221; column_shadow=&#8221;none&#8221;&#8230;<\/p>\n","protected":false},"author":2,"featured_media":0,"parent":0,"menu_order":13,"comment_status":"closed","ping_status":"closed","template":"","meta":{"footnotes":""},"class_list":["post-305","page","type-page","status-publish"],"_links":{"self":[{"href":"https:\/\/hiaslbauer.com\/it\/wp-json\/wp\/v2\/pages\/305","targetHints":{"allow":["GET"]}}],"collection":[{"href":"https:\/\/hiaslbauer.com\/it\/wp-json\/wp\/v2\/pages"}],"about":[{"href":"https:\/\/hiaslbauer.com\/it\/wp-json\/wp\/v2\/types\/page"}],"author":[{"embeddable":true,"href":"https:\/\/hiaslbauer.com\/it\/wp-json\/wp\/v2\/users\/2"}],"replies":[{"embeddable":true,"href":"https:\/\/hiaslbauer.com\/it\/wp-json\/wp\/v2\/comments?post=305"}],"version-history":[{"count":4,"href":"https:\/\/hiaslbauer.com\/it\/wp-json\/wp\/v2\/pages\/305\/revisions"}],"predecessor-version":[{"id":325,"href":"https:\/\/hiaslbauer.com\/it\/wp-json\/wp\/v2\/pages\/305\/revisions\/325"}],"wp:attachment":[{"href":"https:\/\/hiaslbauer.com\/it\/wp-json\/wp\/v2\/media?parent=305"}],"curies":[{"name":"wp","href":"https:\/\/api.w.org\/{rel}","templated":true}]}}