{"id":308,"date":"2025-02-11T11:22:49","date_gmt":"2025-02-11T10:22:49","guid":{"rendered":"https:\/\/hiaslbauer.com\/impressum-2\/"},"modified":"2025-11-24T10:15:47","modified_gmt":"2025-11-24T09:15:47","slug":"note-legali","status":"publish","type":"page","link":"https:\/\/hiaslbauer.com\/it\/note-legali\/","title":{"rendered":"Note legali"},"content":{"rendered":"[vc_row type=&#8221;in_container&#8221; full_screen_row_position=&#8221;middle&#8221; column_margin=&#8221;default&#8221; column_direction=&#8221;default&#8221; column_direction_tablet=&#8221;default&#8221; column_direction_phone=&#8221;default&#8221; scene_position=&#8221;center&#8221; text_color=&#8221;dark&#8221; text_align=&#8221;left&#8221; row_border_radius=&#8221;none&#8221; row_border_radius_applies=&#8221;bg&#8221; overflow=&#8221;visible&#8221; overlay_strength=&#8221;0.3&#8243; gradient_direction=&#8221;left_to_right&#8221; shape_divider_position=&#8221;bottom&#8221; bg_image_animation=&#8221;none&#8221;][vc_column column_padding=&#8221;no-extra-padding&#8221; column_padding_tablet=&#8221;inherit&#8221; column_padding_phone=&#8221;inherit&#8221; column_padding_position=&#8221;all&#8221; column_element_direction_desktop=&#8221;default&#8221; column_element_spacing=&#8221;default&#8221; desktop_text_alignment=&#8221;default&#8221; tablet_text_alignment=&#8221;default&#8221; phone_text_alignment=&#8221;default&#8221; background_color_opacity=&#8221;1&#8243; background_hover_color_opacity=&#8221;1&#8243; column_backdrop_filter=&#8221;none&#8221; column_shadow=&#8221;none&#8221; column_border_radius=&#8221;none&#8221; column_link_target=&#8221;_self&#8221; column_position=&#8221;default&#8221; gradient_direction=&#8221;left_to_right&#8221; overlay_strength=&#8221;0.3&#8243; width=&#8221;1\/1&#8243; tablet_width_inherit=&#8221;default&#8221; animation_type=&#8221;default&#8221; bg_image_animation=&#8221;none&#8221; border_type=&#8221;simple&#8221; column_border_width=&#8221;none&#8221; column_border_style=&#8221;solid&#8221;][vc_row_inner column_margin=&#8221;default&#8221; column_direction=&#8221;default&#8221; column_direction_tablet=&#8221;default&#8221; column_direction_phone=&#8221;default&#8221; text_align=&#8221;left&#8221; row_position=&#8221;default&#8221; row_position_tablet=&#8221;inherit&#8221; row_position_phone=&#8221;inherit&#8221; overflow=&#8221;visible&#8221; pointer_events=&#8221;all&#8221;][vc_column_inner column_padding=&#8221;no-extra-padding&#8221; column_padding_tablet=&#8221;inherit&#8221; column_padding_phone=&#8221;inherit&#8221; column_padding_position=&#8221;all&#8221; column_element_direction_desktop=&#8221;default&#8221; column_element_spacing=&#8221;default&#8221; desktop_text_alignment=&#8221;default&#8221; tablet_text_alignment=&#8221;default&#8221; phone_text_alignment=&#8221;default&#8221; background_color_opacity=&#8221;1&#8243; background_hover_color_opacity=&#8221;1&#8243; column_backdrop_filter=&#8221;none&#8221; column_shadow=&#8221;none&#8221; column_border_radius=&#8221;none&#8221; column_link_target=&#8221;_self&#8221; overflow=&#8221;visible&#8221; gradient_direction=&#8221;left_to_right&#8221; overlay_strength=&#8221;0.3&#8243; width=&#8221;1\/1&#8243; tablet_width_inherit=&#8221;default&#8221; animation_type=&#8221;default&#8221; bg_image_animation=&#8221;none&#8221; border_type=&#8221;simple&#8221; column_border_width=&#8221;none&#8221; column_border_style=&#8221;solid&#8221;][vc_column_text css=&#8221;&#8221; text_direction=&#8221;default&#8221;]\n<h3>NOTE LEGALI<\/h3>\n<p><strong>BERGGASTHAUS HIASLBAUER<\/strong><br \/>\nVidegg 48<br \/>\n39017 Scena \u2013 Alto Adige<br \/>\n+39 0473 949 452<br \/>\n<a href=\"mailto:info@hiaslbauer.com\">info@hiaslbauer.com<\/a><\/p>\n<p><strong>DESIGN E PROGRAMMAZIONE<\/strong><br \/>\n<a href=\"https:\/\/fahrner.it\/\">fahrner web . grafik<\/a><\/p>\n<p><strong>FOTO E VIDEO<\/strong><br \/>\nBerggasthaus Hiaslbauer<br \/>\nJudith Kuen<br \/>\nEnvato<\/p>\n<p>Risoluzione delle controversie dei consumatori<br \/>\nInformazioni obbligatorie ai sensi del Regolamento UE n. 524\/2013 del Parlamento europeo e del Consiglio: piattaforma di risoluzione online delle controversie (ODR) della Commissione Europea: https:\/\/ec.europa.eu\/<\/p>\n<p><strong>1. Contenuto dell\u2019offerta online<\/strong><br \/>\nCi impegniamo a fornire informazioni corrette e complete su questo sito web. Tuttavia, non assumiamo alcuna responsabilit\u00e0 o garanzia per l\u2019attualit\u00e0, correttezza e completezza delle informazioni fornite. Ci riserviamo il diritto di apportare modifiche o integrazioni alle informazioni senza preavviso.<\/p>\n<p><strong>2. Riferimenti e link<\/strong><br \/>\nNonostante un attento controllo dei contenuti, non ci assumiamo alcuna responsabilit\u00e0 per i contenuti dei link esterni. Per i contenuti delle pagine collegate sono esclusivamente responsabili i rispettivi gestori.<\/p>\n<p><strong>3. Copyright (diritti d\u2019autore e marchi)<\/strong><br \/>\nI contenuti di questo sito sono protetti da copyright. La riproduzione o l\u2019uso in altre pubblicazioni elettroniche o cartacee non \u00e8 consentita senza il nostro esplicito consenso.<\/p>\n<p><strong>4. Protezione dei dati<\/strong><br \/>\nAi sensi dell\u2019art. 13 del Regolamento (UE) 2016\/679 per la protezione delle persone fisiche nel trattamento dei dati personali, per la richiesta, correzione e\/o cancellazione (esclusi i dati commerciali) dei dati personali pu\u00f2 contattarci all\u2019indirizzo <a href=\"mailto:info@hiaslbauer.com\">info@hiaslbauer.com<\/a>.<\/p>\n<p>\u00c8 possibile navigare in anonimato. Quando si utilizza un servizio, possono essere richiesti nome e altre informazioni personali. La decisione di fornire questi dati \u00e8 a sua discrezione.<br \/>\nConserviamo i dati registrati su server protetti e tramite Google Analytics, utilizzandoli solo internamente.<br \/>\nI cookie (file di testo memorizzati localmente dal browser) ci aiutano a ottimizzare il sito secondo le sue esigenze. I dati personali vengono salvati solo su esplicita richiesta (ad esempio tramite moduli o login).<br \/>\nI logfile (dati di accesso alle pagine) vengono analizzati statisticamente per valutare tendenze.<\/p>\n<p><strong>5. Validit\u00e0 legale<\/strong><br \/>\nQualora parti o singole formulazioni di questo testo non siano conformi alla normativa vigente, le altre parti restano valide. L\u2019utilizzo del sito non genera contratti o diritti. Le controversie legali sono sottoposte al tribunale competente.<\/p>\n<p><strong>Esclusione di responsabilit\u00e0<\/strong><br \/>\nDa questo sito \u00e8 possibile accedere a pagine gestite da terzi. Queste pagine sono fuori dal nostro controllo; pertanto, non ci assumiamo alcuna responsabilit\u00e0 per i loro contenuti.<br \/>\nPer i contenuti delle pagine esterne sono esclusivamente responsabili i rispettivi gestori. Al momento della creazione del link non risultavano contenuti evidentemente illegali.<br \/>\nLe opinioni su questo sito possono differire da quelle delle pagine collegate. Il sito viene aggiornato regolarmente; tuttavia non possiamo garantire la correttezza, legalit\u00e0, attualit\u00e0, completezza e disponibilit\u00e0 dei dati o informazioni.[\/vc_column_text][\/vc_column_inner][\/vc_row_inner][\/vc_column][\/vc_row]\n","protected":false},"excerpt":{"rendered":"<p>[vc_row type=&#8221;in_container&#8221; full_screen_row_position=&#8221;middle&#8221; column_margin=&#8221;default&#8221; column_direction=&#8221;default&#8221; column_direction_tablet=&#8221;default&#8221; column_direction_phone=&#8221;default&#8221; scene_position=&#8221;center&#8221; text_color=&#8221;dark&#8221; text_align=&#8221;left&#8221; row_border_radius=&#8221;none&#8221; row_border_radius_applies=&#8221;bg&#8221; overflow=&#8221;visible&#8221; overlay_strength=&#8221;0.3&#8243; gradient_direction=&#8221;left_to_right&#8221; shape_divider_position=&#8221;bottom&#8221; bg_image_animation=&#8221;none&#8221;][vc_column column_padding=&#8221;no-extra-padding&#8221; column_padding_tablet=&#8221;inherit&#8221; column_padding_phone=&#8221;inherit&#8221; column_padding_position=&#8221;all&#8221; column_element_direction_desktop=&#8221;default&#8221; column_element_spacing=&#8221;default&#8221; desktop_text_alignment=&#8221;default&#8221; tablet_text_alignment=&#8221;default&#8221; phone_text_alignment=&#8221;default&#8221; background_color_opacity=&#8221;1&#8243; background_hover_color_opacity=&#8221;1&#8243; column_backdrop_filter=&#8221;none&#8221; column_shadow=&#8221;none&#8221;&#8230;<\/p>\n","protected":false},"author":2,"featured_media":0,"parent":0,"menu_order":14,"comment_status":"closed","ping_status":"closed","template":"","meta":{"footnotes":""},"class_list":["post-308","page","type-page","status-publish"],"_links":{"self":[{"href":"https:\/\/hiaslbauer.com\/it\/wp-json\/wp\/v2\/pages\/308","targetHints":{"allow":["GET"]}}],"collection":[{"href":"https:\/\/hiaslbauer.com\/it\/wp-json\/wp\/v2\/pages"}],"about":[{"href":"https:\/\/hiaslbauer.com\/it\/wp-json\/wp\/v2\/types\/page"}],"author":[{"embeddable":true,"href":"https:\/\/hiaslbauer.com\/it\/wp-json\/wp\/v2\/users\/2"}],"replies":[{"embeddable":true,"href":"https:\/\/hiaslbauer.com\/it\/wp-json\/wp\/v2\/comments?post=308"}],"version-history":[{"count":4,"href":"https:\/\/hiaslbauer.com\/it\/wp-json\/wp\/v2\/pages\/308\/revisions"}],"predecessor-version":[{"id":327,"href":"https:\/\/hiaslbauer.com\/it\/wp-json\/wp\/v2\/pages\/308\/revisions\/327"}],"wp:attachment":[{"href":"https:\/\/hiaslbauer.com\/it\/wp-json\/wp\/v2\/media?parent=308"}],"curies":[{"name":"wp","href":"https:\/\/api.w.org\/{rel}","templated":true}]}}